{"id":1694,"date":"2019-10-25T21:38:01","date_gmt":"2019-10-25T19:38:01","guid":{"rendered":"https:\/\/www.ichmagmeinkind.de\/?page_id=1694"},"modified":"2019-11-10T19:52:14","modified_gmt":"2019-11-10T18:52:14","slug":"e-book-9-fragen","status":"publish","type":"page","link":"https:\/\/www.ichmagmeinkind.de\/ru\/e-book-9-fragen\/","title":{"rendered":"E-Book 9 Fragen"},"content":{"rendered":"\n<h3 class=\"wp-block-heading\">Kostenloses Mini-E-Book: 9 Fragen, die deine Familie verbinden <\/h3>\n\n\n\n<div class=\"wp-block-media-text alignwide\" style=\"grid-template-columns:27% auto\"><figure class=\"wp-block-media-text__media\"><img data-recalc-dims=\"1\" loading=\"lazy\" decoding=\"async\" width=\"435\" height=\"784\" data-attachment-id=\"1665\" data-permalink=\"https:\/\/www.ichmagmeinkind.de\/ru\/9-fragen-sm-neu\/\" data-orig-file=\"https:\/\/i0.wp.com\/www.ichmagmeinkind.de\/wp-content\/uploads\/2019\/10\/9-Fragen-sm-neu.jpg?fit=435%2C784&amp;ssl=1\" data-orig-size=\"435,784\" data-comments-opened=\"1\" data-image-meta=\"{&quot;aperture&quot;:&quot;0&quot;,&quot;credit&quot;:&quot;Milan&quot;,&quot;camera&quot;:&quot;&quot;,&quot;caption&quot;:&quot;&quot;,&quot;created_timestamp&quot;:&quot;1571780629&quot;,&quot;copyright&quot;:&quot;&quot;,&quot;focal_length&quot;:&quot;0&quot;,&quot;iso&quot;:&quot;0&quot;,&quot;shutter_speed&quot;:&quot;0&quot;,&quot;title&quot;:&quot;&quot;,&quot;orientation&quot;:&quot;0&quot;}\" data-image-title=\"9 Fragen sm neu\" data-image-description=\"\" data-image-caption=\"\" data-medium-file=\"https:\/\/i0.wp.com\/www.ichmagmeinkind.de\/wp-content\/uploads\/2019\/10\/9-Fragen-sm-neu.jpg?fit=166%2C300&amp;ssl=1\" data-large-file=\"https:\/\/i0.wp.com\/www.ichmagmeinkind.de\/wp-content\/uploads\/2019\/10\/9-Fragen-sm-neu.jpg?fit=435%2C784&amp;ssl=1\" src=\"https:\/\/i0.wp.com\/www.ichmagmeinkind.de\/wp-content\/uploads\/2019\/10\/9-Fragen-sm-neu.jpg?resize=435%2C784&#038;ssl=1\" alt=\"\" class=\"wp-image-1665\" srcset=\"https:\/\/i0.wp.com\/www.ichmagmeinkind.de\/wp-content\/uploads\/2019\/10\/9-Fragen-sm-neu.jpg?w=435&amp;ssl=1 435w, https:\/\/i0.wp.com\/www.ichmagmeinkind.de\/wp-content\/uploads\/2019\/10\/9-Fragen-sm-neu.jpg?resize=166%2C300&amp;ssl=1 166w\" sizes=\"auto, (max-width: 435px) 100vw, 435px\" \/><\/figure><div class=\"wp-block-media-text__content\">\n<p>Trage dich in unseren Newsletter ein!<\/p>\n\n\n\n<p>Als Dankesch\u00f6n senden  wir dir unverz\u00fcglich dein kostenloses Geschenk &#8220;9 Fragen, die deine  Familie verbinden&#8221; zu! <\/p>\n\n\n\n<p>Viel Spa\u00df beim Ausprobieren der Fragen! <\/p>\n<\/div><\/div>\n\n\n\n<div class=\"_form_11\"><\/div><script src=\"https:\/\/posteo59933.activehosted.com\/f\/embed.php?id=11\" type=\"text\/javascript\" charset=\"utf-8\"><\/script>\n","protected":false},"excerpt":{"rendered":"<p>Kostenloses Mini-E-Book: 9 Fragen, die deine Familie verbinden Trage dich in unseren Newsletter ein! Als Dankesch\u00f6n senden wir dir unverz\u00fcglich dein kostenloses Geschenk &#8220;9 Fragen, die deine Familie verbinden&#8221; zu! Viel Spa\u00df beim Ausprobieren der Fragen!<\/p>\n","protected":false},"author":1,"featured_media":0,"parent":0,"menu_order":0,"comment_status":"closed","ping_status":"closed","template":"","meta":{"jetpack_post_was_ever_published":false,"footnotes":""},"class_list":["post-1694","page","type-page","status-publish","hentry"],"translation":{"provider":"WPGlobus","version":"3.0.0","language":"ru","enabled_languages":["de","en","ru"],"languages":{"de":{"title":true,"content":true,"excerpt":false},"en":{"title":false,"content":false,"excerpt":false},"ru":{"title":false,"content":false,"excerpt":false}}},"jetpack_sharing_enabled":true,"jetpack_shortlink":"https:\/\/wp.me\/P9XJOc-rk","jetpack-related-posts":[],"_links":{"self":[{"href":"https:\/\/www.ichmagmeinkind.de\/ru\/wp-json\/wp\/v2\/pages\/1694","targetHints":{"allow":["GET"]}}],"collection":[{"href":"https:\/\/www.ichmagmeinkind.de\/ru\/wp-json\/wp\/v2\/pages"}],"about":[{"href":"https:\/\/www.ichmagmeinkind.de\/ru\/wp-json\/wp\/v2\/types\/page"}],"author":[{"embeddable":true,"href":"https:\/\/www.ichmagmeinkind.de\/ru\/wp-json\/wp\/v2\/users\/1"}],"replies":[{"embeddable":true,"href":"https:\/\/www.ichmagmeinkind.de\/ru\/wp-json\/wp\/v2\/comments?post=1694"}],"version-history":[{"count":8,"href":"https:\/\/www.ichmagmeinkind.de\/ru\/wp-json\/wp\/v2\/pages\/1694\/revisions"}],"predecessor-version":[{"id":1708,"href":"https:\/\/www.ichmagmeinkind.de\/ru\/wp-json\/wp\/v2\/pages\/1694\/revisions\/1708"}],"wp:attachment":[{"href":"https:\/\/www.ichmagmeinkind.de\/ru\/wp-json\/wp\/v2\/media?parent=1694"}],"curies":[{"name":"wp","href":"https:\/\/api.w.org\/{rel}","templated":true}]}}