{"id":58,"date":"2018-06-04T11:20:55","date_gmt":"2018-06-04T09:20:55","guid":{"rendered":"https:\/\/www.ichmagmeinkind.de\/?page_id=58"},"modified":"2019-12-31T12:10:12","modified_gmt":"2019-12-31T11:10:12","slug":"rechtliches","status":"publish","type":"page","link":"https:\/\/www.ichmagmeinkind.de\/en\/rechtliches\/","title":{"rendered":"Impressum"},"content":{"rendered":"<div class=\"et_pb_section et_pb_section_0 et_section_regular\">\n<div class=\"et_pb_row et_pb_row_0\">\n<div class=\"et_pb_column et_pb_column_4_4 et_pb_column_0 et_pb_css_mix_blend_mode_passthrough et-last-child\">\n<div class=\"et_pb_module et_pb_text et_pb_text_0 et_pb_bg_layout_light et_pb_text_align_left\">\n<div class=\"et_pb_text_inner\"><header class=\"entry-header\">\n<h1 class=\"entry-title\">Impressum<\/h1>\n<\/header>\n<div class=\"entry-content\">\n<div id=\"tve_flt\" class=\"tve_flt\">\n<div id=\"tve_editor\" class=\"tve_shortcode_editor\">\n<div class=\"thrv_paste_content thrv_wrapper tve_empty_dropzone\">\n<p>IchmagmeinKind ist geistiges Eigentum von<br \/>Lydia Kutzner<\/p>\n<h2 class=\"\">Kontakt:<\/h2>\n<\/div>\n<div class=\"thrv_paste_content thrv_wrapper tve_empty_dropzone\">Ich mag mein Kind by Lydia Kutzner<br \/><br \/>A M\u00fchlbrunnen 14, c.\/o. besserwisser.guru, 74889 Sinsheim, Deutschland<br \/>T O1S1 (\/) S1934472<br \/>E support (at) ichmagmeinkind (dot) de<\/div>\n<div class=\"thrv_paste_content thrv_wrapper tve_empty_dropzone\">\n<div class=\"thrv_paste_content thrv_wrapper tve_empty_dropzone\">\n<div class=\"thrv_paste_content thrv_wrapper tve_empty_dropzone\">\n<div class=\"thrv_paste_content thrv_wrapper tve_empty_dropzone\">\n<div class=\"thrv_paste_content thrv_wrapper tve_empty_dropzone\">\n<div class=\"thrv_paste_content thrv_wrapper tve_empty_dropzone\">\n<div class=\"thrv_paste_content thrv_wrapper tve_empty_dropzone\">\n<div class=\"thrv_paste_content thrv_wrapper tve_empty_dropzone\">\n<div class=\"thrv_paste_content thrv_wrapper tve_empty_dropzone\">\n<h2 class=\"\">Hinweis auf EU-Streitschlichtung<\/h2>\n<p>Die Europ\u00e4ische Kommission stellt eine Plattform zur Online-Streitbeilegung (OS) bereit: <a href=\"http:\/\/ec.europa.eu\/consumers\/odr\">http:\/\/ec.europa.eu\/consumers\/odr<\/a><\/p>\n<h2 class=\"\">Urheberrecht<\/h2>\n<p>Die durch die Seitenbetreiber erstellten Inhalte und Werke auf diesen Seiten unterliegen dem deutschen Urheberrecht. Die Vervielf\u00e4ltigung, Bearbeitung, Verbreitung und jede Art der Verwertung au\u00dferhalb der Grenzen des Urheberrechtes bed\u00fcrfen der schriftlichen Zustimmung des jeweiligen Autors bzw. Erstellers. Downloads und Kopien dieser Seite sind nur f\u00fcr den privaten, nicht kommerziellen Gebrauch gestattet.<\/p>\n<p>Soweit die Inhalte auf dieser Seite nicht vom Betreiber erstellt wurden, werden die Urheberrechte Dritter beachtet. Insbesondere werden Inhalte Dritter als solche gekennzeichnet. Sollten Sie trotzdem auf eine Urheberrechtsverletzung aufmerksam werden, bitten wir um einen entsprechenden Hinweis. Bei Bekanntwerden von Rechtsverletzungen werden wir derartige Inhalte umgehend entfernen.<\/p>\n<p><h1>Privacy Policy<\/h1><p><p> In this privacy policy we inform you about the processing of your personal data. <\/ p><p> If you want to change your privacy settings (grant consent or revoke your previously granted consent), click <a target=\"_blank\" href=\"#\" class=\"sp-dsgvo-show-privacy-popup\">here<\/a> to change your settings.<\/p><h2>Responsible<\/h2><p>Kutzner, , M\u00fchlbrunnen 14, c.\/o. besserwisser.guru, 74889 Sinsheim, Deutschland, <a href=\"mailto:support@ichmagmeinkind.de\">support@ichmagmeinkind.de<\/a>, O1S1 (\/) S1934472<\/p><h2>Hosting<\/h2><h3>Strato<\/h3><p><p>Our website is hosted by our processor <a target=\"_blank\" href=\"https:\/\/www.strato.de\/\">Strato<\/a>, Strato AG, Pascalstra\u00dfe 10, 10587 Berlin, Germany.<\/p><p>Connection data are processed to provide and to deliver the website. Data are not stored beyond access for the mere purpose of delivery and provision of the website.<\/p><p>The legal basis of processing is the legitimate interest (absolute technical necessity to provide and to deliver the \u201cwebsite\u201d service which you have explicitly requested by visiting the website according to Article 6 (1) (f) GDPR combined with \u00a7 25 TTDSG.<\/p><p>Connection data and other personal data are also processed in connection with various other functions or services in order to operate the website. Detailed information is provided in this Data Privacy Statement and in the individual functions or services.<\/p><\/p><h2>Contact Form<\/h2><p><p>You can contact us by using a contact form provided on our website. After submission of the contact form, the controller will process the personal data you have provided for the purpose of handling your request on the basis of your consent which you have given by submitting the form according to Art. 6 (1) (a) GDPR, until revocation.<br \/>You have no legal or contractual obligation to provide personal data. If you do not provide such data, you are simply not able to submit and we are not able to process your request.<\/p><\/p><h2>Comments Form<\/h2><p><p>By commenting our products, postings, photographs or videos we will process your personal data for the purpose of imaging your comments on our website and internal documentation of the legal basis of the contract concluded according to Art. 6 (1) (b) GDPR (gratuitous hosting contract to image your commentation on our website). We will publish your name and comment on our website and store your personal data until deletion of your comment.<\/p><\/p><h2>Security Services<\/h2><p><p>On this website we use the offer of security service providers such as Captcha services to avoid non-human and automated input.<\/p><\/p><h3>Google reCAPTCHA<\/h3><p><p>If you give your consent, we will process your personal data in cooperation with the service <a target=\"_blank\" href=\"https:\/\/www.google.com\/recaptcha\/intro\/v3.html\">Google reCaptcha<\/a>, Google Ireland Limited, Gordon House, Barrow Street, Dublin 4, Ireland as joint controllers for the purpose of avoidance of non human and automatized inputs. We will enable the service to set third party cookies, to collect connection data and data of your web browser. Furthermore we enable the service to build a personal user-ID to conclusively identify the user within the scope of the advertising network operated by Google. The data will be stored on your device for up to two years.<\/p><p>The legal basis of processing is your consent according to Article 6 (1) (a) GDPR. A failure to give consent will have the effect of not being able to use reCaptcha or the connected forms.<\/p><p>You can revoke your consent by changing the settings at <a target=\"_blank\" class=\"lwb-ppsp\" href=\"#\" title=\"Datenschutzeinstellungen\">Privacy settings<\/a>.<\/p><p>The Google group transfers your personal data to the USA. The legal basis for data transfer to the USA is your consent in accordance with Art. 49 Para. 1 a in conjunction with Art. 6 Para. 1 a GDPR. Before you gave your consent, you were informed that the USA does not have a data protection level that complies with EU standards. In particular, US intelligence agencies can access your data without being informed about it and without you being able to take legal action against it. For this reason, the European Court of Justice ruled in a judgment that the previous adequacy decision (Privacy Shield) was invalid.<\/p><\/p><h2>Embeddings<\/h2><h3>YouTube<\/h3><p><p>If you have given your consent, we will process your personal data in cooperation with  <a target=\"_blank\" href=\"https:\/\/www.youtube.com\/\">Youtube<\/a>, Google Ireland Limited, Gordon House, Barrow Street, Dublin 4, Ireland, as joint controllers for the purpose of playing videos on our website.<\/p><p>We will enable the service to collect connection data, data of your web browser, and to place an advertising cookie. The placing of advertising cookies allows Google to create an individual user-ID for each user. These personal data can be used for unambiguous identification and are then processed via the advertising network operated by Google.<\/p><p>The Google group transfers your personal data to the USA. The legal basis for data transfer to the USA is your consent in accordance with Art. 49 Para. 1 a in conjunction with Art. 6 Para. 1 a GDPR. Before you gave your consent, you were informed that the USA does not have a data protection level that complies with EU standards. In particular, US intelligence agencies can access your data without being informed about it and without you being able to take legal action against it. For this reason, the European Court of Justice ruled in a judgment that the previous adequacy decision (Privacy Shield) was invalid.<\/p><p>Any further independent processing of data, especially via the Google advertising network, is carried out by Google as sole controller. Detailed information is provided in the  <a target=\"_blank\" href=\"https:\/\/policies.google.com\/privacy?gl=AT&amp;hl=de#intro\">Data privacy policy<\/a> of Google.<\/p><p>If you do not give your consent, we are simply not able to provide the Youtube service to you. You can withdraw your consent by changing the settings at <a target=\"_blank\" class=\"lwb-ppsp\" href=\"#\" title=\"Datenschutzeinstellungen\">Privacy policy<\/a>.<\/p><p>The legal basis of processing is your consent according to Article 6 (1) (a) GDPR.<\/p><\/p><h3>Vimeo<\/h3><p><p>If you have given your consent, we will process your personal data in cooperation with  <a target=\"_blank\" href=\"https:\/\/vimeo.com\/\">Vimeo<\/a>, Vimeo Inc., 555 West 18th Street, New York, New York 10011, USA as joint controllers for the purpose of playing videos on our website.<\/p><p>We will enable the service to collect connection data, data of your web browser, and to place an advertising cookie. The placing of advertising cookies allows Vimeo to create an individual user-ID for each user. These personal data can be used for unambiguous identification and are then processed via the advertising network operated by Vimeo.<\/p><p>Any further independent processing of data, especially via the Vimeo advertising network, is carried out by Vimeo as sole controller. Detailed information is provided in the  <a target=\"_blank\" href=\"https:\/\/vimeo.com\/privacy\">Data privacy policy<\/a> of Vimeo.<\/p><p>If you do not give your consent, we are simply not able to provide the Vimeo service to you. You can withdraw your consent by changing the settings at <a target=\"_blank\" class=\"lwb-ppsp\" href=\"#\" title=\"Datenschutzeinstellungen\">Privacy policy<\/a>.<\/p><p>The legal basis of processing is your consent according to Article 6 (1) (a) GDPR. The legal basis for data transfer to the USA is your consent in accordance with Art. 49 Para. 1 a in conjunction with Art. 6 Para. 1 a GDPR. Before you gave your consent, you were informed that the USA does not have a data protection level that complies with EU standards. In particular, US intelligence agencies can access your data without being informed about it and without you being able to take legal action against it. For this reason, the European Court of Justice ruled in a judgment that the previous adequacy decision (Privacy Shield) was invalid.<\/p><\/p><h2>Right to object<\/h2><p><p>You have the right to object to processing if your personal data is processed based on legitimate interests.<\/p><p>We will then cease the processing carried out on this basis, unless there are compelling and legitimate reasons for us to do so.<\/p><p>You have the right to object to the processing of your personal data for the purpose of direct marketing. In this case, we will cease the processing of your personal data for the purpose of direct mail.<\/p><p>The withdrawal of consent shall not affect the lawfulness of processing based on consent before its withdrawal.<\/p><\/p><h2>Withdrawal<\/h2><p><p>You have the right to withdraw your consent at any time by changing the settings at <a target=\"_blank\" class=\"lwb-ppsp\" href=\"#\" title=\"Privacy settings\">Privacy settings<\/a>.<\/p><p>If you have given your consent to receipt of advertising by email, you may withdraw your consent by clicking the unsubscribe link. In this case, we will cease the processing operations, unless there is any other legal basis.<\/p><p>The withdrawal of consent shall not affect the lawfulness of processing based on consent before its withdrawal.<\/p><\/p><h2>Right to data subject<\/h2><p><p>You have the right to access to, rectification, erasure and restriction of processing of personal data.<\/p><p>You have also the right to data portability if the processing of your personal data is based on your consent or on a contract concluded with you. <\/p><p>You have also the right to lodge a complaint with the supervisory authority. If you need more information on the supervisory authorities in the European Union, go to <a target=\"_blank\" href=\"https:\/\/ec.europa.eu\/justice\/article-29\/structure\/data-protection-authorities\/index_en.htm\" title=\"DPAs\">here<\/a>.<\/p><\/p><code><\/code><\/p>\n<\/div>\n<\/div>\n<\/div>\n<\/div>\n<\/div>\n<\/div>\n<\/div>\n<\/div>\n<\/div>\n<div class=\"et_pb_section et_pb_section_1 et_pb_fullwidth_section et_section_regular\">\n<div class=\"et_pb_module et_pb_fullwidth_post_title_0 et_pb_post_title et_pb_text_align_left et_pb_bg_layout_light et_pb_image_below\">\n<div class=\"et_pb_title_container\">  \r\n            <div class=\"sp-dsgvo sp-sar-form\">\r\n            <form method=\"post\" action=\"https:\/\/www.ichmagmeinkind.de\/wp-admin\/admin-ajax.php?action=subject-access-request\" class=\"sp-dsgvo-framework\">\r\n                <input type=\"hidden\" id=\"_wpnonce\" name=\"_wpnonce\" value=\"3d44498c21\" \/><input type=\"hidden\" name=\"_wp_http_referer\" value=\"\/en\/wp-json\/wp\/v2\/pages\/58\" \/>                <fieldset>\r\n\r\n                \t<div class=\"lwb-row\">\r\n                \t\t<div class=\"lwb-col-3\">\r\n                \t\t\t<label for=\"email-field\">First name<\/label>\r\n                \t\t<\/div>\r\n                        <div class=\"lwb-col-6\">\r\n                            <input class=\"w-100\" required type=\"text\" id=\"first-name-field\" name=\"first_name\" value=\"\" placeholder=\"First name\" spellcheck=\"false\" \/>\r\n                        <\/div>\r\n                \t<\/div>\r\n\r\n                    <div class=\"lwb-row\">\r\n                        <div class=\"lwb-col-3\">\r\n                            <label for=\"email-field\">Last name<\/label>\r\n                        <\/div>\r\n                        <div class=\"lwb-col-6\">\r\n                            <input class=\"w-100\" required type=\"text\" id=\"last-name-field\" name=\"last_name\" value=\"\" placeholder=\"Last name\" spellcheck=\"false\" \/>\r\n                        <\/div>\r\n                    <\/div>\r\n\r\n                   <div class=\"lwb-row\">\r\n\t\t\t\t\t\t<div class=\"lwb-col-3\">\r\n                    \t\t<label for=\"email-field\">Email<\/label>\r\n\t\t\t\t\t\t<\/div>\r\n                        <div class=\"lwb-col-6\">\r\n                            <input class=\"w-100\" required type=\"email\" id=\"email-field\" name=\"email\" value=\"\" placeholder=\"Email\" spellcheck=\"false\" \/>\r\n                        <\/div>\r\n                    <\/div>\r\n                    <div class=\"lwb-row form-row-website-cap\">\r\n                        <div class=\"lwb-col-3\">\r\n                            <label for=\"email-field\">Website<\/label>\r\n                        <\/div>\r\n                        <div class=\"lwb-col-6\">\r\n                            <input class=\"w-100\" type=\"text\" id=\"website\" name=\"website\" value=\"\" placeholder=\"\" spellcheck=\"false\" \/>\r\n                        <\/div>\r\n                    <\/div>\r\n\r\n                    <div class=\"lwb-row\">\r\n\t\t\t\t\t\t<div class=\"lwb-col-12\">\r\n                    \t\t<label for=\"dsgvo-checkbox\">\r\n                   \t\t\t \t<input required type=\"checkbox\" id=\"dsgvo-checkbox\" name=\"dsgvo_checkbox\" value=\"1\" \/>\r\n                   \t\t\t \t<span style=\"font-weight:normal\">\r\n                                                                        Ich stimme der Speicherung der Daten zur Verarbeitung im Sinne der DSGVO zu.                                <\/span>\r\n                   \t\t\t <\/label>\r\n\t\t\t\t\t\t<\/div>\r\n                    <\/div>\r\n                    <br>\r\n                    <input type=\"submit\" value=\"Create request\" \/>\r\n                <\/fieldset>\r\n            <\/form>\r\n    <\/div>\r\n            <\/div>\n<div>\u00a0<\/div>\n<\/div>\n<div>  \r\n                <div class=\"sp-dsgvo sp-unsubsribe-form\">\r\n            <form method=\"post\" action=\"https:\/\/www.ichmagmeinkind.de\/wp-admin\/admin-ajax.php?action=super-unsubscribe\" >\r\n                <input type=\"hidden\" id=\"_wpnonce\" name=\"_wpnonce\" value=\"51d8473fc7\" \/><input type=\"hidden\" name=\"_wp_http_referer\" value=\"\/en\/wp-json\/wp\/v2\/pages\/58\" \/>                <fieldset>\r\n                    <div class=\"lwb-row\">\r\n                        <div class=\"lwb-col-3\">\r\n                            <label style=\"min-width:100px;\" for=\"email-field\">First name<\/label>\r\n                        <\/div>\r\n                        <div class=\"lwb-col-6\">\r\n                            <input class=\"w-100\" required type=\"text\" id=\"first-name-field\" name=\"first_name\" value=\"\" placeholder=\"First name\" spellcheck=\"false\" \/>\r\n                        <\/div>\r\n\r\n\r\n                    <\/div>\r\n                    <div class=\"lwb-row\">\r\n                        <div class=\"lwb-col-3\">\r\n                            <label for=\"email-field\">Last name<\/label>\r\n                        <\/div>\r\n                        <div class=\"lwb-col-6\">\r\n                            <input class=\"w-100\" required type=\"text\" id=\"last-name-field\" name=\"last_name\" value=\"\" placeholder=\"Last name\" spellcheck=\"false\" \/>\r\n                        <\/div>\r\n                    <\/div>\r\n\r\n\t\t\t\t\t<div class=\"lwb-row\">\r\n                        <div class=\"lwb-col-3\">\r\n                            <label for=\"email-field\">Email<\/label>\r\n                        <\/div>\r\n\t\t\t\t\t\t<div class=\"lwb-col-6\">\r\n                   \t\t\t <input class=\"w-100\" required type=\"email\" id=\"email-field\" name=\"email\" value=\"\" placeholder=\"Email\" spellcheck=\"false\" \/>\r\n\t\t\t\t\t\t<\/div>\r\n                    <\/div>\r\n                    <div class=\"lwb-row form-row-website-cap\">\r\n                        <div class=\"lwb-col-3\">\r\n                            <label for=\"email-field\">Website<\/label>\r\n                        <\/div>\r\n                        <div class=\"lwb-col-6\">\r\n                            <input class=\"w-100\" type=\"text\" id=\"website\" name=\"website\" value=\"\" placeholder=\"\" spellcheck=\"false\" \/>\r\n                        <\/div>\r\n                    <\/div>\r\n                    <div class=\"lwb-row\">\r\n\t\t\t\t\t\t<div class=\"lwb-col\">\r\n                    \t\t<label for=\"dsgvo-checkbox\">\r\n                   \t\t\t \t<input required type=\"checkbox\" id=\"dsgvo-checkbox\" name=\"dsgvo_checkbox\" value=\"1\" \/>\r\n                                                   \t\t\t \t<span style=\"font-weight:normal\">Ich stimme der Speicherung der Daten zur Verarbeitung im Sinne der DSGVO zu.<\/span>\r\n                   \t\t\t <\/label>\r\n\t\t\t\t\t\t<\/div>\r\n                    <\/div>\r\n                    <br>\r\n                    <input type=\"submit\" value=\"Create delete request\" \/>\r\n                <\/fieldset>\r\n            <\/form>\r\n        <\/div>\r\n            <\/div>\n<\/div>\n<\/div>\n<\/div>\n<\/div>\n<\/div>\n<\/div>\n<\/div>\n<\/div>\n<\/div>\n\n\n<p><\/p>\n","protected":false},"excerpt":{"rendered":"<p>Impressum IchmagmeinKind ist geistiges Eigentum vonLydia Kutzner Kontakt: Ich mag mein Kind by Lydia Kutzner A M\u00fchlbrunnen 14, c.\/o. besserwisser.guru, 74889 Sinsheim, DeutschlandT O1S1 (\/) S1934472E support (at) ichmagmeinkind (dot) de Hinweis auf EU-Streitschlichtung Die Europ\u00e4ische Kommission stellt eine Plattform zur Online-Streitbeilegung (OS) bereit: http:\/\/ec.europa.eu\/consumers\/odr Urheberrecht Die durch die Seitenbetreiber erstellten Inhalte und Werke auf &hellip; <\/p>\n<p class=\"link-more\"><a href=\"https:\/\/www.ichmagmeinkind.de\/en\/rechtliches\/\" class=\"more-link\">Continue reading<span class=\"screen-reader-text\"> &#8220;Impressum&#8221;<\/span><\/a><\/p>\n","protected":false},"author":1,"featured_media":0,"parent":0,"menu_order":0,"comment_status":"closed","ping_status":"closed","template":"","meta":{"jetpack_post_was_ever_published":false,"footnotes":""},"class_list":["post-58","page","type-page","status-publish","hentry"],"translation":{"provider":"WPGlobus","version":"3.0.0","language":"en","enabled_languages":["de","en","ru"],"languages":{"de":{"title":true,"content":true,"excerpt":false},"en":{"title":false,"content":false,"excerpt":false},"ru":{"title":false,"content":false,"excerpt":false}}},"jetpack_sharing_enabled":false,"jetpack_shortlink":"https:\/\/wp.me\/P9XJOc-W","jetpack-related-posts":[],"_links":{"self":[{"href":"https:\/\/www.ichmagmeinkind.de\/en\/wp-json\/wp\/v2\/pages\/58","targetHints":{"allow":["GET"]}}],"collection":[{"href":"https:\/\/www.ichmagmeinkind.de\/en\/wp-json\/wp\/v2\/pages"}],"about":[{"href":"https:\/\/www.ichmagmeinkind.de\/en\/wp-json\/wp\/v2\/types\/page"}],"author":[{"embeddable":true,"href":"https:\/\/www.ichmagmeinkind.de\/en\/wp-json\/wp\/v2\/users\/1"}],"replies":[{"embeddable":true,"href":"https:\/\/www.ichmagmeinkind.de\/en\/wp-json\/wp\/v2\/comments?post=58"}],"version-history":[{"count":21,"href":"https:\/\/www.ichmagmeinkind.de\/en\/wp-json\/wp\/v2\/pages\/58\/revisions"}],"predecessor-version":[{"id":1796,"href":"https:\/\/www.ichmagmeinkind.de\/en\/wp-json\/wp\/v2\/pages\/58\/revisions\/1796"}],"wp:attachment":[{"href":"https:\/\/www.ichmagmeinkind.de\/en\/wp-json\/wp\/v2\/media?parent=58"}],"curies":[{"name":"wp","href":"https:\/\/api.w.org\/{rel}","templated":true}]}}